{"id":153,"date":"2025-09-13T08:04:59","date_gmt":"2025-09-13T11:04:59","guid":{"rendered":"https:\/\/ramitodelavanda.com.ar\/?page_id=153"},"modified":"2025-09-13T08:04:59","modified_gmt":"2025-09-13T11:04:59","slug":"quienes-somos","status":"publish","type":"page","link":"https:\/\/ramitodelavanda.com.ar\/?page_id=153","title":{"rendered":"\u00bfQuienes Somos?"},"content":{"rendered":"\n<p>En&nbsp;<strong>Ramitos de Lavanda<\/strong>, nacemos del sue\u00f1o de una madre emprendedora que quiere llenar el mundo de su beb\u00e9 de objetos llenos de amor, calidez y magia. Lo que comenz\u00f3 como un hobby entre tejidos y sonrisas, pronto se convirti\u00f3 en una pasi\u00f3n por crear compa\u00f1eros de juegos, sue\u00f1os y momentos especiales.<\/p>\n\n\n\n<p>Somos m\u00e1s que una tienda; somos un rinc\u00f3n donde la tradici\u00f3n del crochet se encuentra con la delicadeza y el cuidado de lo hecho a mano. Cada pieza que creamos est\u00e1 impregnada de dedicaci\u00f3n, paciencia y el deseo de brindar lo mejor para los m\u00e1s peque\u00f1os (y para los no tan peque\u00f1os que guardan un coraz\u00f3n ni\u00f1o).<\/p>\n\n\n\n<p>Creemos en la belleza de lo \u00fanico, en la importancia de los detalles y en regalar momentos de ternura a trav\u00e9s de nuestros tejidos.<\/p>\n\n\n\n<p><strong>Nuestra Misi\u00f3n:<\/strong>&nbsp;Crear productos \u00fanicos y seguros que acompa\u00f1en los momentos m\u00e1s especiales de la vida, fomentando el juego imaginativo y llevando calidez a cada hogar.<\/p>\n\n\n\n<p><strong>Nuestra Visi\u00f3n:<\/strong>&nbsp;Ser referentes en el mundo de los productos artesanales para beb\u00e9s y ni\u00f1os, siendo sin\u00f3nimo de calidad, confianza y creatividad tejida con amor.<\/p>\n","protected":false},"excerpt":{"rendered":"<p>En&nbsp;Ramitos de Lavanda, nacemos del sue\u00f1o de una madre emprendedora que quiere llenar el mundo de su beb\u00e9 de objetos llenos de amor, calidez y magia. Lo que comenz\u00f3 como un hobby entre tejidos y sonrisas, pronto se convirti\u00f3 en una pasi\u00f3n por crear compa\u00f1eros de juegos, sue\u00f1os y momentos especiales. Somos m\u00e1s que una tienda; somos un rinc\u00f3n donde la tradici\u00f3n del crochet se encuentra con la delicadeza y el cuidado de lo hecho a mano. Cada pieza que creamos est\u00e1 impregnada de dedicaci\u00f3n, paciencia y el deseo de brindar lo mejor para los m\u00e1s peque\u00f1os (y para los no tan peque\u00f1os que guardan un coraz\u00f3n ni\u00f1o). Creemos en la belleza de lo \u00fanico, en la importancia de los detalles y en regalar momentos de ternura a trav\u00e9s de nuestros tejidos. Nuestra Misi\u00f3n:&nbsp;Crear productos \u00fanicos y seguros que acompa\u00f1en los momentos m\u00e1s especiales de la vida, fomentando el juego imaginativo y llevando calidez a cada hogar. Nuestra Visi\u00f3n:&nbsp;Ser referentes en el mundo de los productos artesanales para beb\u00e9s y ni\u00f1os, siendo sin\u00f3nimo de calidad, confianza y creatividad tejida con amor.<\/p>\n","protected":false},"author":1,"featured_media":0,"parent":0,"menu_order":0,"comment_status":"closed","ping_status":"closed","template":"","meta":{"footnotes":""},"class_list":["post-153","page","type-page","status-publish","hentry"],"jetpack_sharing_enabled":true,"_links":{"self":[{"href":"https:\/\/ramitodelavanda.com.ar\/index.php?rest_route=\/wp\/v2\/pages\/153","targetHints":{"allow":["GET"]}}],"collection":[{"href":"https:\/\/ramitodelavanda.com.ar\/index.php?rest_route=\/wp\/v2\/pages"}],"about":[{"href":"https:\/\/ramitodelavanda.com.ar\/index.php?rest_route=\/wp\/v2\/types\/page"}],"author":[{"embeddable":true,"href":"https:\/\/ramitodelavanda.com.ar\/index.php?rest_route=\/wp\/v2\/users\/1"}],"replies":[{"embeddable":true,"href":"https:\/\/ramitodelavanda.com.ar\/index.php?rest_route=%2Fwp%2Fv2%2Fcomments&post=153"}],"version-history":[{"count":1,"href":"https:\/\/ramitodelavanda.com.ar\/index.php?rest_route=\/wp\/v2\/pages\/153\/revisions"}],"predecessor-version":[{"id":154,"href":"https:\/\/ramitodelavanda.com.ar\/index.php?rest_route=\/wp\/v2\/pages\/153\/revisions\/154"}],"wp:attachment":[{"href":"https:\/\/ramitodelavanda.com.ar\/index.php?rest_route=%2Fwp%2Fv2%2Fmedia&parent=153"}],"curies":[{"name":"wp","href":"https:\/\/api.w.org\/{rel}","templated":true}]}}