{"id":2,"date":"2025-09-09T16:46:06","date_gmt":"2025-09-09T19:46:06","guid":{"rendered":"https:\/\/ramitodelavanda.com.ar\/\/?page_id=2"},"modified":"2025-09-15T13:07:54","modified_gmt":"2025-09-15T16:07:54","slug":"sample-page","status":"publish","type":"page","link":"https:\/\/ramitodelavanda.com.ar\/","title":{"rendered":"Bienvenidos a Ramito de Lavanda"},"content":{"rendered":"\n<h3 class=\"wp-block-heading\">Tejemos sue\u00f1os con hebras de amor y tradici\u00f3n<\/h3>\n\n\n\n<p>En el coraz\u00f3n de cada puntada hay una historia de dedicaci\u00f3n y cari\u00f1o. En&nbsp;<strong>Ramito de Lavanda<\/strong>, no solo creamos tejidos; damos vida a juguetes, apegos, prendas y accesorios \u00fanicos, impregnados de calidez y el aroma dulce de lo hecho a mano.<\/p>\n\n\n\n<p>Cada pieza es el resultado de horas de trabajo artesanal, seleccionando las mejores fibras y combinando colores que inspiran tranquilidad y alegr\u00eda. Aqu\u00ed encontrar\u00e1s piezas pensadas para acompa\u00f1arte en tu d\u00eda a d\u00eda, para convertir tu hogar en un refugio acogedor o para ese regalo especial que busca decir &#8220;te tengo presente&#8221;.<\/p>\n\n\n\n<p>Te invitamos a perderte entre nuestros&nbsp;<strong>ramitos<\/strong>&nbsp;de creaciones, a encontrar esa pieza que hable a tu coraz\u00f3n y a ser parte de nuestra historia.<\/p>\n\n\n\n<p>Te <strong>invitamos <\/strong>a ver <a href=\"https:\/\/ramitodelavanda.com.ar\/?page_id=153\" data-type=\"page\" data-id=\"153\"><strong>qui\u00e9nes somos<\/strong><\/a> para conocernos mejor.<\/p>\n\n\n\n<p>La <strong>calidad y seguridad<\/strong> son prioridad en la elaboraci\u00f3n de <a href=\"https:\/\/ramitodelavanda.com.ar\/?page_id=155\" data-type=\"page\" data-id=\"155\"><strong>nuestros productos<\/strong><\/a>.<\/p>\n\n\n\n<p>Explor\u00e1 <a href=\"https:\/\/ramitodelavanda.com.ar\/?page_id=16\" data-type=\"page\" data-id=\"16\"><strong>nuestra tienda <\/strong><\/a>y deja que la magia hecha hilo te envuelva.<\/p>\n","protected":false},"excerpt":{"rendered":"<p>Tejemos sue\u00f1os con hebras de amor y tradici\u00f3n En el coraz\u00f3n de cada puntada hay una historia de dedicaci\u00f3n y cari\u00f1o. En&nbsp;Ramito de Lavanda, no solo creamos tejidos; damos vida a juguetes, apegos, prendas y accesorios \u00fanicos, impregnados de calidez y el aroma dulce de lo hecho a mano. Cada pieza es el resultado de horas de trabajo artesanal, seleccionando las mejores fibras y combinando colores que inspiran tranquilidad y alegr\u00eda. Aqu\u00ed encontrar\u00e1s piezas pensadas para acompa\u00f1arte en tu d\u00eda a d\u00eda, para convertir tu hogar en un refugio acogedor o para ese regalo especial que busca decir &#8220;te tengo presente&#8221;. Te invitamos a perderte entre nuestros&nbsp;ramitos&nbsp;de creaciones, a encontrar esa pieza que hable a tu coraz\u00f3n y a ser parte de nuestra historia. Te invitamos a ver qui\u00e9nes somos para conocernos mejor. La calidad y seguridad son prioridad en la elaboraci\u00f3n de nuestros productos. Explor\u00e1 nuestra tienda y deja que la magia hecha hilo te envuelva.<\/p>\n","protected":false},"author":1,"featured_media":0,"parent":0,"menu_order":0,"comment_status":"closed","ping_status":"open","template":"","meta":{"footnotes":""},"class_list":["post-2","page","type-page","status-publish","hentry"],"jetpack_sharing_enabled":true,"_links":{"self":[{"href":"https:\/\/ramitodelavanda.com.ar\/index.php?rest_route=\/wp\/v2\/pages\/2","targetHints":{"allow":["GET"]}}],"collection":[{"href":"https:\/\/ramitodelavanda.com.ar\/index.php?rest_route=\/wp\/v2\/pages"}],"about":[{"href":"https:\/\/ramitodelavanda.com.ar\/index.php?rest_route=\/wp\/v2\/types\/page"}],"author":[{"embeddable":true,"href":"https:\/\/ramitodelavanda.com.ar\/index.php?rest_route=\/wp\/v2\/users\/1"}],"replies":[{"embeddable":true,"href":"https:\/\/ramitodelavanda.com.ar\/index.php?rest_route=%2Fwp%2Fv2%2Fcomments&post=2"}],"version-history":[{"count":11,"href":"https:\/\/ramitodelavanda.com.ar\/index.php?rest_route=\/wp\/v2\/pages\/2\/revisions"}],"predecessor-version":[{"id":184,"href":"https:\/\/ramitodelavanda.com.ar\/index.php?rest_route=\/wp\/v2\/pages\/2\/revisions\/184"}],"wp:attachment":[{"href":"https:\/\/ramitodelavanda.com.ar\/index.php?rest_route=%2Fwp%2Fv2%2Fmedia&parent=2"}],"curies":[{"name":"wp","href":"https:\/\/api.w.org\/{rel}","templated":true}]}}